{"id":17,"date":"2021-11-11T13:18:48","date_gmt":"2021-11-11T13:18:48","guid":{"rendered":"https:\/\/copy-color.de\/?page_id=17"},"modified":"2025-03-24T11:09:32","modified_gmt":"2025-03-24T11:09:32","slug":"mesmerize","status":"publish","type":"page","link":"https:\/\/copy-color.de\/?page_id=17","title":{"rendered":"Textildruck"},"content":{"rendered":"\n<figure class=\"wp-block-embed is-type-video is-provider-youtube wp-block-embed-youtube wp-embed-aspect-16-9 wp-has-aspect-ratio\"><div class=\"wp-block-embed__wrapper\">\n<iframe title=\"Shirtman | Augsburg | Bismarckstra\u00dfe\" width=\"696\" height=\"392\" src=\"https:\/\/www.youtube.com\/embed\/820YzTzPVVc?feature=oembed\" frameborder=\"0\" allow=\"accelerometer; autoplay; clipboard-write; encrypted-media; gyroscope; picture-in-picture\" allowfullscreen><\/iframe>\n<\/div><\/figure>\n\n\n\n<p class=\"has-medium-font-size\"><strong>Auf Anfrage fertigen wir, in kleiner und gro\u00dfer St\u00fcckzahl<\/strong>: <\/p>\n\n\n\n<ul class=\"wp-block-list\">\n<li>In wenigen Tagen gefertigt <\/li>\n\n\n\n<li>Abholung \/ Lieferung m\u00f6glich <\/li>\n<\/ul>\n\n\n\n<p><\/p>\n\n\n\n<p class=\"has-medium-font-size\"><strong>Anforderung f\u00fcr mitgebrachte Dateien<\/strong>:<\/p>\n\n\n\n<p class=\"has-normal-font-size\">Es sollte eine von den aufgef\u00fchrten Dateien sein:<\/p>\n\n\n\n<ul class=\"wp-block-list\">\n<li>PNG, PDF, JPG, EPS, PSD (mit transparenten Hintergrund)<\/li>\n<\/ul>\n\n\n\n<p><\/p>\n\n\n\n<p><strong>Druckdaten\/Anfragen an diese E-Mail Adresse schicken:<\/strong><\/p>\n\n\n\n<p><a href=\"mailto:info@shirtman.de\">info@shirtman.de<\/a><\/p>\n","protected":false},"excerpt":{"rendered":"<p>Auf Anfrage fertigen wir, in kleiner und gro\u00dfer St\u00fcckzahl: Anforderung f\u00fcr mitgebrachte Dateien: Es sollte eine von den aufgef\u00fchrten Dateien sein: Druckdaten\/Anfragen an diese E-Mail Adresse schicken: info@shirtman.de<\/p>\n","protected":false},"author":1,"featured_media":0,"parent":0,"menu_order":0,"comment_status":"closed","ping_status":"closed","template":"","meta":{"footnotes":""},"class_list":["post-17","page","type-page","status-publish","hentry"],"_links":{"self":[{"href":"https:\/\/copy-color.de\/index.php?rest_route=\/wp\/v2\/pages\/17","targetHints":{"allow":["GET"]}}],"collection":[{"href":"https:\/\/copy-color.de\/index.php?rest_route=\/wp\/v2\/pages"}],"about":[{"href":"https:\/\/copy-color.de\/index.php?rest_route=\/wp\/v2\/types\/page"}],"author":[{"embeddable":true,"href":"https:\/\/copy-color.de\/index.php?rest_route=\/wp\/v2\/users\/1"}],"replies":[{"embeddable":true,"href":"https:\/\/copy-color.de\/index.php?rest_route=%2Fwp%2Fv2%2Fcomments&post=17"}],"version-history":[{"count":12,"href":"https:\/\/copy-color.de\/index.php?rest_route=\/wp\/v2\/pages\/17\/revisions"}],"predecessor-version":[{"id":545,"href":"https:\/\/copy-color.de\/index.php?rest_route=\/wp\/v2\/pages\/17\/revisions\/545"}],"wp:attachment":[{"href":"https:\/\/copy-color.de\/index.php?rest_route=%2Fwp%2Fv2%2Fmedia&parent=17"}],"curies":[{"name":"wp","href":"https:\/\/api.w.org\/{rel}","templated":true}]}}