{"id":38,"date":"2021-11-11T13:35:11","date_gmt":"2021-11-11T13:35:11","guid":{"rendered":"https:\/\/copy-color.de\/?page_id=38"},"modified":"2021-12-28T12:10:22","modified_gmt":"2021-12-28T12:10:22","slug":"about","status":"publish","type":"page","link":"https:\/\/copy-color.de\/?page_id=38","title":{"rendered":"\u00dcBER UNS:"},"content":{"rendered":"\n<p><span class=\"has-inline-color has-white-color\">Hallo und herzlich willkommen bei Copy Color, dem Ort mit den besten Produkten aus der Welt des Textildruckes.<\/span><\/p>\n\n\n\n<p><span class=\"has-inline-color has-white-color\">Wir haben einen langen Weg hinter uns und wissen daher am Besten, wie wir Sie mit hochwertigen und dennoch preiswerten Produkten begeistern k\u00f6nnen. <\/span><\/p>\n\n\n\n<p><span class=\"has-inline-color has-white-color\">Copy Color wurde am 02.05.1991 von Frau Margot Begonja gegr\u00fcndet. <\/span><\/p>\n\n\n\n<p><span class=\"has-inline-color has-white-color\">Angefangen hat die gelernte Einzelhandelskauffrau und Mutter von drei Kindern mit nur einem Farbkopierer in einem netten kleinen Copy Shop im sch\u00f6nen Bismarckviertel, der sich nach und nach vergr\u00f6\u00dfert hat. <\/span><\/p>\n\n\n\n<p><span class=\"has-inline-color has-white-color\">Schnell merkte sie, dass diese zus\u00e4tzliche Dienstleistung gut ankam und erweiterte ihr Portfolio nach und nach. Bald darauf lie\u00df sie eine Wand einrei\u00dfen und machte aus ihrem kleinen Copy Shop mit Textildruck ebenso einen Lottoladen. \u00a0 Stolze 26 Jahre hat Frau Begonja Ihren Laden gef\u00fchrt, dann war es Zeit f\u00fcr einen Nachfolger.\u00a0<\/span><\/p>\n\n\n\n<p><span class=\"has-inline-color has-white-color\">Eugen Kowgar sollte es sein &#8211; Liebe auf den ersten Blick! Frau Begonja war hin und weg von dem jungen, sympathischen und motivierten jungen Mann, der sich bei Ihr vorstellte.<\/span> <\/p>\n\n\n\n\n\n<p class=\"has-text-align-right\">&#8211; Mery \u00d6<\/p>\n","protected":false},"excerpt":{"rendered":"<p>Hallo und herzlich willkommen bei Copy Color, dem Ort mit den besten Produkten aus der Welt des Textildruckes. Wir haben einen langen Weg hinter uns und wissen daher am Besten, wie wir Sie mit hochwertigen und dennoch preiswerten Produkten begeistern k\u00f6nnen. Copy Color wurde am 02.05.1991 von Frau Margot Begonja gegr\u00fcndet. Angefangen hat die gelernte<\/p><\/div>\n<div class=\"blog-btn\"><a href=\"https:\/\/copy-color.de\/?page_id=38\" class=\"home-blog-btn\">Weiterlesen<\/a><\/p>\n","protected":false},"author":1,"featured_media":0,"parent":0,"menu_order":0,"comment_status":"closed","ping_status":"closed","template":"template\/template-about.php","meta":{"footnotes":""},"class_list":["post-38","page","type-page","status-publish","hentry"],"_links":{"self":[{"href":"https:\/\/copy-color.de\/index.php?rest_route=\/wp\/v2\/pages\/38","targetHints":{"allow":["GET"]}}],"collection":[{"href":"https:\/\/copy-color.de\/index.php?rest_route=\/wp\/v2\/pages"}],"about":[{"href":"https:\/\/copy-color.de\/index.php?rest_route=\/wp\/v2\/types\/page"}],"author":[{"embeddable":true,"href":"https:\/\/copy-color.de\/index.php?rest_route=\/wp\/v2\/users\/1"}],"replies":[{"embeddable":true,"href":"https:\/\/copy-color.de\/index.php?rest_route=%2Fwp%2Fv2%2Fcomments&post=38"}],"version-history":[{"count":20,"href":"https:\/\/copy-color.de\/index.php?rest_route=\/wp\/v2\/pages\/38\/revisions"}],"predecessor-version":[{"id":302,"href":"https:\/\/copy-color.de\/index.php?rest_route=\/wp\/v2\/pages\/38\/revisions\/302"}],"wp:attachment":[{"href":"https:\/\/copy-color.de\/index.php?rest_route=%2Fwp%2Fv2%2Fmedia&parent=38"}],"curies":[{"name":"wp","href":"https:\/\/api.w.org\/{rel}","templated":true}]}}